{"id":8829,"date":"2023-09-05T13:00:43","date_gmt":"2023-09-05T11:00:43","guid":{"rendered":"https:\/\/dev.patchwork.law\/laurent-moreuil\/"},"modified":"2026-03-09T23:44:16","modified_gmt":"2026-03-09T22:44:16","slug":"laurent-moreuil","status":"publish","type":"page","link":"https:\/\/patchwork.law\/en\/laurent-moreuil\/","title":{"rendered":"Laurent Moreuil"},"content":{"rendered":"<!--themify_builder_content-->\n<div id=\"themify_builder_content-8829\" data-postid=\"8829\" class=\"themify_builder_content themify_builder_content-8829 themify_builder tf_clear\">\n                    <div  data-css_id=\"lbn4648\" data-lazy=\"1\" class=\"module_row themify_builder_row attorney fullwidth_row_container tb_lbn4648 tb_first tf_w\">\n                        <div class=\"row_inner col_align_top tb_col_count_1 tf_box tf_rel\">\n                        <div  data-lazy=\"1\" class=\"module_column tb-column col-full tb_93av648 first\">\n                            <div  data-lazy=\"1\" class=\"module_subrow themify_builder_sub_row tf_w col_align_top tb_col_count_2 tb_f73x649\">\n                <div  data-lazy=\"1\" class=\"module_column sub_column col4-2 tb_51bb649 first\">\n                            <\/div>\n                    <div  data-lazy=\"1\" class=\"module_column sub_column col4-2 tb_uc04649 last\">\n                    <!-- module text -->\n<div  class=\"module module-text tb_fkez650   \" data-lazy=\"1\">\n        <div  class=\"tb_text_wrap\">\n        <h1>Laurent Moreuil<\/h1>    <\/div>\n<\/div>\n<!-- \/module text --><!-- module divider -->\n<div  class=\"module tf_mw module-divider tb_m95x651 solid  divider-custom divider-left\" style=\"border-width: 1px;border-color: #000;max-width: 412px;\" data-lazy=\"1\">\n    <\/div>\n<!-- \/module divider -->\n<!-- module text -->\n<div  class=\"module module-text tb_72gy652   \" data-lazy=\"1\">\n        <div  class=\"tb_text_wrap\">\n        <h2>Employment Lawyer<\/h2>    <\/div>\n<\/div>\n<!-- \/module text --><!-- module icon -->\n<div  class=\"module module-icon tb_j3q1652   none icon_horizontal \" data-lazy=\"1\">\n\t\t\t<div class=\"module-icon-item\">\n\t\t\t\t\t\t\t<a href=\"mailto:moreuil@patchwork.law\">\n\t\t\t\t\t\t\t\t\t\t\t\t\t\t\t\t\t<em class=\"tf_box\"\n\t\t\t\t\t\t\t\t\t\t\t\t\t\t\t\t\t><svg  class=\"tf_fa tf-ti-email\" xmlns:xlink=\"http:\/\/www.w3.org\/1999\/xlink\" aria-hidden=\"true\"><use href=\"#tf-ti-email\" xlink:href=\"#tf-ti-email\"><\/use><\/svg><\/em>\n\t\t\t\t\t\t\t\t\t\t\t\t\t\t\t\t<\/a>\n\t\t\t\t\t<\/div>\n\t\t\t<div class=\"module-icon-item\">\n\t\t\t\t\t\t\t<a href=\"https:\/\/www.linkedin.com\/in\/laurentmoreuil\/\" rel=\"noopener\" target=\"_blank\">\n\t\t\t\t\t\t\t\t\t\t\t\t\t\t\t\t\t<em class=\"tf_box\"\n\t\t\t\t\t\t\t\t\t\t\t\t\t\t\t\t\t><svg  class=\"tf_fa tf-ti-linkedin\" xmlns:xlink=\"http:\/\/www.w3.org\/1999\/xlink\" aria-hidden=\"true\"><use href=\"#tf-ti-linkedin\" xlink:href=\"#tf-ti-linkedin\"><\/use><\/svg><\/em>\n\t\t\t\t\t\t\t\t\t\t\t\t\t\t\t\t<\/a>\n\t\t\t\t\t<\/div>\n\t<\/div>\n<!-- \/module icon -->\n<!-- module text -->\n<div  class=\"module module-text tb_39ml652   \" data-lazy=\"1\">\n        <div  class=\"tb_text_wrap\">\n        <p><em>Admitted to the Paris Bar in 1992<\/em><\/p>\n<p>Laurent Moreuil advises French and international companies in employment law, assists executives and directors. He also deals with issues related to Sports law.<br \/>\nHe holds various positions in the Sports movement.<\/p>\n    <\/div>\n<\/div>\n<!-- \/module text --><!-- module text -->\n<div  class=\"module module-text tb_rr5q84   \" data-lazy=\"1\">\n        <div  class=\"tb_text_wrap\">\n        <p><strong>EDUCATION<\/strong><\/p>\n<ul>\n<li>BI-DEUG law\/English (Paris X University)<\/li>\n<li>Post-graduate degree in English and American Corporate Law (Paris I University)<\/li>\n<\/ul>\n<p><strong>LANGUES<\/strong><\/p>\n<p>French \/ English<\/p>\n<p><strong>ACTIVITES \u00a0<\/strong><\/p>\n<ul>\n<li>Center for Labour and Employment law (Centre D\u2019arbitrage en droit du travail Arbitration)<\/li>\n<li>AVOSIAL<\/li>\n<li>Commissions of the Paris Bar<\/li>\n<li>DNACG: Commissioner<\/i>\n<li>French Volley Ball Federation: former vice-president<\/li>\n<li><a class=\"\" href=\"https:\/\/www.linkedin.com\/company\/cevolleyball\/\" target=\"_blank\" rel=\"noopener noreferrer\">Conf\u00e9d\u00e9ration Europ\u00e9enne de Volley Ball<\/a>\u00a0: European Co-federation of Volley Ball: President of the Legal Chamber (2020)<\/li>\n<li>Attorneys in Sports law<\/li>\n<li>International alumni of the French Volley Ball Federation<\/li>\n<li>French Rugby Federation: Commissioner of the Federal Appeals Commission (financial section)<\/li>\n<\/ul>\n    <\/div>\n<\/div>\n<!-- \/module text -->        <\/div>\n                    <\/div>\n                <\/div>\n                        <\/div>\n        <\/div>\n        <\/div>\n<!--\/themify_builder_content-->","protected":false},"excerpt":{"rendered":"<p>Laurent Moreuil Employment Lawyer Admitted to the Paris Bar in 1992 Laurent Moreuil advises French and international companies in employment law, assists executives and directors. He also deals with issues related to Sports law. He holds various positions in the Sports movement. EDUCATION BI-DEUG law\/English (Paris X University) Post-graduate degree in English and American Corporate [&hellip;]<\/p>\n","protected":false},"author":6,"featured_media":0,"parent":0,"menu_order":0,"comment_status":"closed","ping_status":"closed","template":"","meta":{"footnotes":""},"class_list":["post-8829","page","type-page","status-publish","hentry","has-post-title","has-post-date","has-post-category","has-post-tag","has-post-comment","has-post-author",""],"_links":{"self":[{"href":"https:\/\/patchwork.law\/en\/wp-json\/wp\/v2\/pages\/8829","targetHints":{"allow":["GET"]}}],"collection":[{"href":"https:\/\/patchwork.law\/en\/wp-json\/wp\/v2\/pages"}],"about":[{"href":"https:\/\/patchwork.law\/en\/wp-json\/wp\/v2\/types\/page"}],"author":[{"embeddable":true,"href":"https:\/\/patchwork.law\/en\/wp-json\/wp\/v2\/users\/6"}],"replies":[{"embeddable":true,"href":"https:\/\/patchwork.law\/en\/wp-json\/wp\/v2\/comments?post=8829"}],"version-history":[{"count":2,"href":"https:\/\/patchwork.law\/en\/wp-json\/wp\/v2\/pages\/8829\/revisions"}],"predecessor-version":[{"id":13210,"href":"https:\/\/patchwork.law\/en\/wp-json\/wp\/v2\/pages\/8829\/revisions\/13210"}],"wp:attachment":[{"href":"https:\/\/patchwork.law\/en\/wp-json\/wp\/v2\/media?parent=8829"}],"curies":[{"name":"wp","href":"https:\/\/api.w.org\/{rel}","templated":true}]}}