{"id":8682,"date":"2018-04-08T20:59:54","date_gmt":"2018-04-08T18:59:54","guid":{"rendered":"https:\/\/dev.patchwork.law\/entreprises\/"},"modified":"2026-02-11T00:53:19","modified_gmt":"2026-02-10T23:53:19","slug":"companies","status":"publish","type":"page","link":"https:\/\/patchwork.law\/en\/companies\/","title":{"rendered":"Companies"},"content":{"rendered":"<div class=\"pw-topbar pw-bg-bleed\">\n<h1 class=\"pw-topbar__title\">Companies<\/h1>\n<\/div>\n<!--themify_builder_content-->\n<div id=\"themify_builder_content-8682\" data-postid=\"8682\" class=\"themify_builder_content themify_builder_content-8682 themify_builder tf_clear\">\n                    <div  data-css_id=\"cv9g418\" data-lazy=\"1\" class=\"module_row themify_builder_row fullwidth tb_cv9g418 tb_first tf_w\">\n                        <div class=\"row_inner col_align_top tb_col_count_1 tf_box tf_rel\">\n                        <div  data-lazy=\"1\" class=\"module_column tb-column col-full tb_u57x419 first\">\n                    <!-- module text -->\n<div  class=\"module module-text tb_9ipf419    wow\" data-tf-animation=\"fadeIn\" data-lazy=\"1\">\n        <div  class=\"tb_text_wrap\">\n        <h2>Patchwork Avocats assists and represents small and medium-sized french and international companies<\/h2>\n    <\/div>\n<\/div>\n<!-- \/module text -->        <\/div>\n                        <\/div>\n        <\/div>\n                        <div  data-lazy=\"1\" class=\"module_row themify_builder_row tb_epk3289 tf_w\">\n                        <div class=\"row_inner col_align_top gutter-narrow tb_col_count_3 tf_box tf_rel\">\n                        <div  data-lazy=\"1\" class=\"module_column tb-column col3-1 tb_ovyl290 first\">\n        <span  class=\"builder_row_cover tf_abs\" data-lazy=\"1\"><\/span>            <!-- module text -->\n<div  class=\"module module-text tb_e6z2290   \" data-lazy=\"1\">\n        <div  class=\"tb_text_wrap\">\n        <h3>MANAGEMENT<br \/>OF A COMPANY\u2019S<br \/>EXTERNAL<br \/>STAFF<\/h3><p><strong>+<\/strong> posting\/expatriation<br \/><strong>+<\/strong> outsourcing \/ service contract<br \/><strong>+<\/strong> sales force outsourcing (commercial agents, direct sellers, brokers\u2026)<\/p>    <\/div>\n<\/div>\n<!-- \/module text -->        <\/div>\n                    <div  data-lazy=\"1\" class=\"module_column tb-column col3-1 tb_6m2c291\">\n        <span  class=\"builder_row_cover tf_abs\" data-lazy=\"1\"><\/span>            <!-- module text -->\n<div  class=\"module module-text tb_xf37291   \" data-lazy=\"1\">\n        <div  class=\"tb_text_wrap\">\n        <h3>LITIGATION<\/h3><p><strong>+<\/strong> industrial tribunal and electoral disputes<br \/><strong>+<\/strong> criminal prosecution<br \/><strong>+<\/strong> administrative litigation (protected employees, PSE, occupational health)<br \/><strong>+<\/strong> commercial litigation (termination of established commercial relationships, termination of service contract, recovery, etc.)<br \/><strong>+<\/strong> requalification dispute<\/p>    <\/div>\n<\/div>\n<!-- \/module text -->        <\/div>\n                    <div  data-lazy=\"1\" class=\"module_column tb-column col3-1 tb_h19d291 last\">\n        <span  class=\"builder_row_cover tf_abs\" data-lazy=\"1\"><\/span>            <!-- module text -->\n<div  class=\"module module-text tb_asrz292   \" data-lazy=\"1\">\n        <div  class=\"tb_text_wrap\">\n        <h3>DISTRIBUTION<br \/>CONSUMER LAW \/<br \/>DISTRIBUTION<\/h3><p><strong>+<\/strong> general conditions of sale and B to B and B to C commercial documents<br \/><strong>+<\/strong> establishment of distribution\/franchise networks<\/p>    <\/div>\n<\/div>\n<!-- \/module text -->        <\/div>\n                        <\/div>\n        <\/div>\n                        <div  data-lazy=\"1\" class=\"module_row themify_builder_row tb_fo72295 tf_w\">\n                        <div class=\"row_inner col_align_top gutter-narrow tb_col_count_3 tf_box tf_rel\">\n                        <div  data-lazy=\"1\" class=\"module_column tb-column col3-1 tb_2n7a296 first\">\n        <span  class=\"builder_row_cover tf_abs\" data-lazy=\"1\"><\/span>            <!-- module text -->\n<div  class=\"module module-text tb_q1yj296   \" data-lazy=\"1\">\n        <div  class=\"tb_text_wrap\">\n        <h3>INDIVIDUAL<br \/>EMPLOYMENT<br \/>RELATIONSHIPS<\/h3><p><strong>+<\/strong> employment contract, sensitive clauses<br \/><strong>+<\/strong> disciplinary law \/ internal regulations<br \/><strong>+<\/strong> management of directors (civil liability, criminal liability, delegation of powers)<\/p>    <\/div>\n<\/div>\n<!-- \/module text -->        <\/div>\n                    <div  data-lazy=\"1\" class=\"module_column tb-column col3-1 tb_8q9f298\">\n        <span  class=\"builder_row_cover tf_abs\" data-lazy=\"1\"><\/span>            <!-- module text -->\n<div  class=\"module module-text tb_dktm298   \" data-lazy=\"1\">\n        <div  class=\"tb_text_wrap\">\n        <h3>COLLECTIVE<br \/>EMPLOYMENT<br \/>RELATIONSHIPS<\/h3><p><strong>+<\/strong> company agreements<br \/><strong>+<\/strong> implementation and management of IRPs<br \/><strong>+<\/strong> professional elections<br \/><strong>+<\/strong> union rights<\/p>    <\/div>\n<\/div>\n<!-- \/module text -->        <\/div>\n                    <div  data-lazy=\"1\" class=\"module_column tb-column col3-1 tb_wfd4298 last\">\n        <span  class=\"builder_row_cover tf_abs\" data-lazy=\"1\"><\/span>            <!-- module text -->\n<div  class=\"module module-text tb_1hz1298   \" data-lazy=\"1\">\n        <div  class=\"tb_text_wrap\">\n        <h3>RELATIONSHIPS<br \/>WITH FRENCH<br \/>ADMINISTRATION<\/h3><p><strong>+<\/strong> labor inspection \/ DIRECCTE<br \/><strong>+<\/strong> occupational medicine<br \/><strong>+<\/strong> control bodies<\/p>    <\/div>\n<\/div>\n<!-- \/module text -->        <\/div>\n                        <\/div>\n        <\/div>\n                        <div  data-css_id=\"55477\" data-lazy=\"1\" class=\"module_row themify_builder_row fullwidth tb_55477 tf_w\">\n                        <div class=\"row_inner col_align_top tb_col_count_1 tf_box tf_rel\">\n                        <div  data-lazy=\"1\" class=\"module_column tb-column col-full tb_sywp8 first\">\n                    <!-- module text -->\n<div  class=\"module module-text tb_rvl3294   \" data-lazy=\"1\">\n        <div  class=\"tb_text_wrap\">\n        <p style=\"text-align: center;\">Patchwork Avocats is a referenced service provider for the F\u00e9d\u00e9ration de la vente directe and SELDIA<\/p>\n    <\/div>\n<\/div>\n<!-- \/module text -->        <\/div>\n                        <\/div>\n        <\/div>\n                        <div  data-css_id=\"ytyl119\" data-lazy=\"1\" class=\"module_row themify_builder_row fullwidth tb_ytyl119 tf_w\">\n                        <div class=\"row_inner col_align_middle tb_col_count_6 tf_box tf_rel\">\n                        <div  data-lazy=\"1\" class=\"module_column tb-column col6-1 tb_pvod120 first\">\n                            <\/div>\n                    <div  data-lazy=\"1\" class=\"module_column tb-column col6-1 tb_wbjn120\">\n                            <\/div>\n                    <div  data-lazy=\"1\" class=\"module_column tb-column col6-1 tb_q7ie119\">\n                    <!-- module image -->\n<div  class=\"module module-image tb_x9md120 image-top   tf_mw\" data-lazy=\"1\">\n        <div class=\"image-wrap tf_rel tf_mw\">\n            <a href=\"https:\/\/fvd.fr\/\" rel=\"noopener\" target=\"_blank\">\n                   <img loading=\"lazy\" decoding=\"async\" src=\"https:\/\/patchwork.law\/wp-content\/uploads\/2026\/01\/Logo-Partenaire-officiel-depuis-2004_sans-fond-1024x1024-200x200.png\" width=\"200\" height=\"200\" class=\"wp-post-image wp-image-11995\" title=\"Logo Partenaire officiel depuis 2004_sans fond\" alt=\"FVD - F\u00e9d\u00e9ration fran\u00e7aise de la vente directe\" srcset=\"https:\/\/patchwork.law\/wp-content\/uploads\/2026\/01\/Logo-Partenaire-officiel-depuis-2004_sans-fond-1024x1024-200x200.png 200w, https:\/\/patchwork.law\/wp-content\/uploads\/2026\/01\/Logo-Partenaire-officiel-depuis-2004_sans-fond-300x300.png 300w, https:\/\/patchwork.law\/wp-content\/uploads\/2026\/01\/Logo-Partenaire-officiel-depuis-2004_sans-fond-scaled.png 1024w, https:\/\/patchwork.law\/wp-content\/uploads\/2026\/01\/Logo-Partenaire-officiel-depuis-2004_sans-fond-150x150.png 150w, https:\/\/patchwork.law\/wp-content\/uploads\/2026\/01\/Logo-Partenaire-officiel-depuis-2004_sans-fond-768x768.png 768w\" sizes=\"auto, (max-width: 200px) 100vw, 200px\" \/>        <\/a>\n    \n        <\/div>\n    <!-- \/image-wrap -->\n    \n        <\/div>\n<!-- \/module image -->        <\/div>\n                    <div  data-lazy=\"1\" class=\"module_column tb-column col6-1 tb_zr2u119\">\n                    <!-- module image -->\n<div  class=\"module module-image tb_qzkt119 image-center   tf_mw\" data-lazy=\"1\">\n        <div class=\"image-wrap tf_rel tf_mw\">\n            <a href=\"http:\/\/www.seldia.eu\/\" rel=\"noopener\" target=\"_blank\">\n                   <img loading=\"lazy\" decoding=\"async\" src=\"https:\/\/dev.patchwork.law\/wp-content\/uploads\/2018\/04\/Seldia_Logo_hoch.jpg\" width=\"200\" height=\"246\" title=\"Companies\" alt=\"Companies\">        <\/a>\n    \n        <\/div>\n    <!-- \/image-wrap -->\n    \n        <\/div>\n<!-- \/module image -->        <\/div>\n                    <div  data-lazy=\"1\" class=\"module_column tb-column col6-1 tb_n6z0119\">\n                            <\/div>\n                    <div  data-lazy=\"1\" class=\"module_column tb-column col6-1 tb_tf5u119 last\">\n                            <\/div>\n                        <\/div>\n        <\/div>\n        <\/div>\n<!--\/themify_builder_content-->","protected":false},"excerpt":{"rendered":"<p>Companies Patchwork Avocats assists and represents small and medium-sized french and international companies MANAGEMENTOF A COMPANY\u2019SEXTERNALSTAFF + posting\/expatriation+ outsourcing \/ service contract+ sales force outsourcing (commercial agents, direct sellers, brokers\u2026) LITIGATION + industrial tribunal and electoral disputes+ criminal prosecution+ administrative litigation (protected employees, PSE, occupational health)+ commercial litigation (termination of established commercial relationships, termination of [&hellip;]<\/p>\n","protected":false},"author":1,"featured_media":0,"parent":0,"menu_order":0,"comment_status":"closed","ping_status":"closed","template":"","meta":{"footnotes":""},"class_list":["post-8682","page","type-page","status-publish","hentry","has-post-title","has-post-date","has-post-category","has-post-tag","has-post-comment","has-post-author",""],"_links":{"self":[{"href":"https:\/\/patchwork.law\/en\/wp-json\/wp\/v2\/pages\/8682","targetHints":{"allow":["GET"]}}],"collection":[{"href":"https:\/\/patchwork.law\/en\/wp-json\/wp\/v2\/pages"}],"about":[{"href":"https:\/\/patchwork.law\/en\/wp-json\/wp\/v2\/types\/page"}],"author":[{"embeddable":true,"href":"https:\/\/patchwork.law\/en\/wp-json\/wp\/v2\/users\/1"}],"replies":[{"embeddable":true,"href":"https:\/\/patchwork.law\/en\/wp-json\/wp\/v2\/comments?post=8682"}],"version-history":[{"count":0,"href":"https:\/\/patchwork.law\/en\/wp-json\/wp\/v2\/pages\/8682\/revisions"}],"wp:attachment":[{"href":"https:\/\/patchwork.law\/en\/wp-json\/wp\/v2\/media?parent=8682"}],"curies":[{"name":"wp","href":"https:\/\/api.w.org\/{rel}","templated":true}]}}