{"id":8438,"date":"2023-09-03T18:13:37","date_gmt":"2023-09-03T16:13:37","guid":{"rendered":"https:\/\/dev.patchwork.law\/avocats-droit-commercial\/"},"modified":"2026-03-09T23:40:43","modified_gmt":"2026-03-09T22:40:43","slug":"commercial-law-lawyers","status":"publish","type":"page","link":"https:\/\/patchwork.law\/en\/commercial-law-lawyers\/","title":{"rendered":"commercial law"},"content":{"rendered":"<div class=\"pw-topbar pw-bg-bleed\">\n<h1 class=\"pw-topbar__title\">Commercial law<\/h1>\n<\/div>\n<!--themify_builder_content-->\n<div id=\"themify_builder_content-8438\" data-postid=\"8438\" class=\"themify_builder_content themify_builder_content-8438 themify_builder tf_clear\">\n                    <div  data-lazy=\"1\" class=\"module_row themify_builder_row tb_bug6125 tb_first tf_w\">\n                        <div class=\"row_inner col_align_top tb_col_count_1 tf_box tf_rel\">\n                        <div  data-lazy=\"1\" class=\"module_column tb-column col-full tb_efbt126 first\">\n                    <!-- module text -->\n<div  class=\"module module-text tb_zz0u536   \" data-lazy=\"1\">\n        <div  class=\"tb_text_wrap\">\n        <h2 style=\"text-align: center;\">Patchwork Avocats supports you in commercial law, advice and litigation<\/h2>\n    <\/div>\n<\/div>\n<!-- \/module text -->        <\/div>\n                        <\/div>\n        <\/div>\n                        <div  data-lazy=\"1\" class=\"module_row themify_builder_row tb_hsqq453 tf_w\">\n                        <div class=\"row_inner col_align_top gutter-narrow tb_col_count_2 tf_box tf_rel\">\n                        <div  data-lazy=\"1\" class=\"module_column tb-column tb_6p18453 first\">\n                    <!-- module text -->\n<div  class=\"module module-text tb_lhyb191    wow\" data-tf-animation=\"slideInLeft\" data-lazy=\"1\">\n        <div  class=\"tb_text_wrap\">\n        <h3 style=\"text-align: center;\">Advice \/ Drafting of acts<\/h3>\n<p><strong>+<\/strong> commercial contracts<\/p>\n<p><strong>+<\/strong> general conditions of sale and purchase<\/p>\n<p><strong>+<\/strong> confidentiality agreements and letters of intent<\/p>\n<p><strong>+<\/strong> drafting and negotiation of commercial leases<\/p>\n<p><strong>+<\/strong> transfer of business assets and lease rights<\/p>    <\/div>\n<\/div>\n<!-- \/module text -->        <\/div>\n                    <div  data-lazy=\"1\" class=\"module_column tb-column tb_t7p0454 last\">\n                    <!-- module text -->\n<div  class=\"module module-text tb_7210924    wow\" data-tf-animation=\"slideInRight\" data-lazy=\"1\">\n        <div  class=\"tb_text_wrap\">\n        <h3 style=\"text-align: center;\"><strong>Litigation<\/strong><\/h3>\n<p><strong>+<\/strong> commercial disputes<\/p>\n<p><strong>+<\/strong> termination of commercial relations<\/p>\n<p><strong>+<\/strong> unfair competition<\/p>\n<p><strong>+<\/strong> professional civil liability of companies<\/p>\n<p><strong>+<\/strong> commercial lease litigation<\/p>    <\/div>\n<\/div>\n<!-- \/module text -->        <\/div>\n                        <\/div>\n        <\/div>\n                        <div  data-desktop-padding=\"5%,5%\" data-css_id=\"mixh209\" data-lazy=\"1\" class=\"module_row themify_builder_row fullwidth_row_container tb_mixh209 tf_w\">\n                        <div class=\"row_inner col_align_middle tb_col_count_2 tf_box tf_rel\">\n                        <div  data-lazy=\"1\" class=\"module_column tb-column col4-1 tb_x4mw211 first\">\n                    <!-- module text -->\n<div  class=\"module module-text tb_zxpv312   \" data-lazy=\"1\">\n        <div  class=\"tb_text_wrap\">\n        <p><img loading=\"lazy\" decoding=\"async\" class=\"alignnone size-medium wp-image-11995\" src=\"https:\/\/patchwork.law\/wp-content\/uploads\/2026\/01\/Logo-Partenaire-officiel-depuis-2004_sans-fond-300x300.png\" alt=\"FVD - F\u00e9d\u00e9ration fran\u00e7aise de la vente directe\" width=\"250\" height=\"250\" srcset=\"https:\/\/patchwork.law\/wp-content\/uploads\/2026\/01\/Logo-Partenaire-officiel-depuis-2004_sans-fond-300x300.png 300w, https:\/\/patchwork.law\/wp-content\/uploads\/2026\/01\/Logo-Partenaire-officiel-depuis-2004_sans-fond-scaled.png 1024w, https:\/\/patchwork.law\/wp-content\/uploads\/2026\/01\/Logo-Partenaire-officiel-depuis-2004_sans-fond-150x150.png 150w, https:\/\/patchwork.law\/wp-content\/uploads\/2026\/01\/Logo-Partenaire-officiel-depuis-2004_sans-fond-768x768.png 768w, https:\/\/patchwork.law\/wp-content\/uploads\/2026\/01\/Logo-Partenaire-officiel-depuis-2004_sans-fond-1024x1024-200x200.png 200w\" sizes=\"auto, (max-width: 250px) 100vw, 250px\" \/><\/p>\n    <\/div>\n<\/div>\n<!-- \/module text -->        <\/div>\n                    <div  data-lazy=\"1\" class=\"module_column tb-column col4-3 tb_k6ld512 last\">\n                    <!-- module text -->\n<div  class=\"module module-text tb_9kik24   \" data-lazy=\"1\">\n        <div  class=\"tb_text_wrap\">\n        <h3 style=\"text-align: left;\">Service Provider for the French DSA<\/h3>\n<p>Patchwork Avocats is a service provider for the French DSA and assists French and foreign direct selling companies willing to enter the French market.<\/p>    <\/div>\n<\/div>\n<!-- \/module text -->        <\/div>\n                        <\/div>\n        <\/div>\n                        <div  data-lazy=\"1\" class=\"module_row themify_builder_row tb_rqyc147 tf_w\">\n                        <div class=\"row_inner col_align_top tb_col_count_1 tf_box tf_rel\">\n                        <div  data-lazy=\"1\" class=\"module_column tb-column col-full tb_s9vr148 first\">\n                    <!-- module text -->\n<div  class=\"module module-text tb_sprv72   \" data-lazy=\"1\">\n        <div  class=\"tb_text_wrap\">\n        <h2 style=\"text-align: center;\"><strong>Our commercial law lawyers<\/strong><\/h2>\n    <\/div>\n<\/div>\n<!-- \/module text -->        <div  data-lazy=\"1\" class=\"module_subrow themify_builder_sub_row tf_w col_align_top tb_col_count_4 tb_eb7b151\">\n                <div  data-lazy=\"1\" class=\"module_column sub_column col4-1 tb_vpka151 first\">\n                    <!-- module image -->\n<div  class=\"module module-image tb_28ha84 image-card-layout   tf_mw\" data-lazy=\"1\">\n        <div class=\"image-wrap tf_rel tf_mw\">\n            <a href=\"\/en\/lionel-kohn-corporate-lawyer\">\n                   <img decoding=\"async\" src=\"\/wp-content\/uploads\/2026\/02\/Lionel-Kohn-commercial-lawyer.jpg\" title=\"Lionel Kohn\" alt=\"Lionel Kohn\">        <\/a>\n    \n        <\/div>\n    <!-- \/image-wrap -->\n    \n        <div class=\"image-content\">\n                    <h3 class=\"image-title\">\n                                    <a href=\"\/en\/lionel-kohn-corporate-lawyer\">\n                        Lionel Kohn                    <\/a>\n                            <\/h3>\n                    <\/div>\n    <!-- \/image-content -->\n        <\/div>\n<!-- \/module image -->        <\/div>\n                    <div  data-lazy=\"1\" class=\"module_column sub_column col4-1 tb_prfn152\">\n                    <!-- module image -->\n<div  class=\"module module-image tb_pf7d145 image-card-layout   tf_mw\" data-lazy=\"1\">\n        <div class=\"image-wrap tf_rel tf_mw\">\n            <a href=\"\/en\/maxime-berthoud-corporate-lawyer\">\n                   <img decoding=\"async\" src=\"\/wp-content\/uploads\/2026\/02\/Maxime-Berthoud-Ccommercial-Lawyer.jpg\" title=\"Maxime Berthoud\" alt=\"Maxime Berthoud\">        <\/a>\n    \n        <\/div>\n    <!-- \/image-wrap -->\n    \n        <div class=\"image-content\">\n                    <h3 class=\"image-title\">\n                                    <a href=\"\/en\/maxime-berthoud-corporate-lawyer\">\n                        Maxime Berthoud                    <\/a>\n                            <\/h3>\n                    <\/div>\n    <!-- \/image-content -->\n        <\/div>\n<!-- \/module image -->        <\/div>\n                    <div  data-lazy=\"1\" class=\"module_column sub_column col4-1 tb_w8he152\">\n                    <!-- module image -->\n<div  class=\"module module-image tb_4gkb509 image-card-layout   tf_mw\" data-lazy=\"1\">\n        <div class=\"image-wrap tf_rel tf_mw\">\n            <a href=\"\/en\/stephanie-ropars\/\">\n                   <img decoding=\"async\" src=\"\/wp-content\/uploads\/2026\/02\/Stephanie-Ropars-labor-law-lawyer.jpg\" title=\"St\u00e9phanie Ropars\" alt=\"St\u00e9phanie Ropars\">        <\/a>\n    \n        <\/div>\n    <!-- \/image-wrap -->\n    \n        <div class=\"image-content\">\n                    <h3 class=\"image-title\">\n                                    <a href=\"\/en\/stephanie-ropars\/\">\n                        St\u00e9phanie Ropars                    <\/a>\n                            <\/h3>\n                    <\/div>\n    <!-- \/image-content -->\n        <\/div>\n<!-- \/module image -->        <\/div>\n                    <div  data-lazy=\"1\" class=\"module_column sub_column col4-1 tb_m6zo654 last\">\n                    <!-- module image -->\n<div  class=\"module module-image tb_n5ut293 image-card-layout   tf_mw\" data-lazy=\"1\">\n        <div class=\"image-wrap tf_rel tf_mw\">\n            <a href=\"\/en\/laurent-moreuil\/\">\n                   <img decoding=\"async\" src=\"\/wp-content\/uploads\/2026\/02\/Laurent-Moreuil-labor-law-lawyer.jpg\" title=\"Laurent Moreuil\" alt=\"Laurent Moreuil\">        <\/a>\n    \n        <\/div>\n    <!-- \/image-wrap -->\n    \n        <div class=\"image-content\">\n                    <h3 class=\"image-title\">\n                                    <a href=\"\/en\/laurent-moreuil\/\">\n                        Laurent Moreuil                    <\/a>\n                            <\/h3>\n                    <\/div>\n    <!-- \/image-content -->\n        <\/div>\n<!-- \/module image -->        <\/div>\n                    <\/div>\n                <\/div>\n                        <\/div>\n        <\/div>\n        <\/div>\n<!--\/themify_builder_content-->","protected":false},"excerpt":{"rendered":"<p>Commercial law Patchwork Avocats supports you in commercial law, advice and litigation Advice \/ Drafting of acts + commercial contracts + general conditions of sale and purchase + confidentiality agreements and letters of intent + drafting and negotiation of commercial leases + transfer of business assets and lease rights Litigation + commercial disputes + termination [&hellip;]<\/p>\n","protected":false},"author":6,"featured_media":0,"parent":0,"menu_order":0,"comment_status":"closed","ping_status":"closed","template":"","meta":{"footnotes":""},"class_list":["post-8438","page","type-page","status-publish","hentry","has-post-title","has-post-date","has-post-category","has-post-tag","has-post-comment","has-post-author",""],"_links":{"self":[{"href":"https:\/\/patchwork.law\/en\/wp-json\/wp\/v2\/pages\/8438","targetHints":{"allow":["GET"]}}],"collection":[{"href":"https:\/\/patchwork.law\/en\/wp-json\/wp\/v2\/pages"}],"about":[{"href":"https:\/\/patchwork.law\/en\/wp-json\/wp\/v2\/types\/page"}],"author":[{"embeddable":true,"href":"https:\/\/patchwork.law\/en\/wp-json\/wp\/v2\/users\/6"}],"replies":[{"embeddable":true,"href":"https:\/\/patchwork.law\/en\/wp-json\/wp\/v2\/comments?post=8438"}],"version-history":[{"count":1,"href":"https:\/\/patchwork.law\/en\/wp-json\/wp\/v2\/pages\/8438\/revisions"}],"predecessor-version":[{"id":13200,"href":"https:\/\/patchwork.law\/en\/wp-json\/wp\/v2\/pages\/8438\/revisions\/13200"}],"wp:attachment":[{"href":"https:\/\/patchwork.law\/en\/wp-json\/wp\/v2\/media?parent=8438"}],"curies":[{"name":"wp","href":"https:\/\/api.w.org\/{rel}","templated":true}]}}