{"id":1918,"date":"2018-04-11T10:39:00","date_gmt":"2018-04-11T08:39:00","guid":{"rendered":"https:\/\/patchwork.law\/?page_id=1918"},"modified":"2026-02-11T00:20:53","modified_gmt":"2026-02-10T23:20:53","slug":"partners","status":"publish","type":"page","link":"https:\/\/patchwork.law\/en\/partners\/","title":{"rendered":"Partners"},"content":{"rendered":"<div class=\"pw-topbar pw-bg-bleed\">\n<h1 class=\"pw-topbar__title\">Our network<\/h1>\n<\/div>\n<!--themify_builder_content-->\n<div id=\"themify_builder_content-1918\" data-postid=\"1918\" class=\"themify_builder_content themify_builder_content-1918 themify_builder tf_clear\">\n                    <div  data-lazy=\"1\" class=\"module_row themify_builder_row tb_ojxs402 tb_first tf_w\">\n                        <div class=\"row_inner col_align_top gutter-narrow tb_col_count_2 tf_box tf_rel\">\n                        <div  data-lazy=\"1\" class=\"module_column tb-column col4-2 tb_8uvs403 first\">\n        <span  class=\"builder_row_cover tf_abs\" data-lazy=\"1\"><\/span>            <!-- module text -->\n<div  class=\"module module-text tb_vzfd403   \" data-lazy=\"1\">\n        <div  class=\"tb_text_wrap\">\n        <h2>lawyers<\/h2><p><strong>+<\/strong> IP \/ IT \/ brands \/ personal data<br \/><strong>+<\/strong> tax law<br \/><strong>+<\/strong> foreigners rights \/ work authorization<br \/><strong>+<\/strong> private life\/defamation<\/p>    <\/div>\n<\/div>\n<!-- \/module text -->        <\/div>\n                    <div  data-lazy=\"1\" class=\"module_column tb-column col4-2 tb_p3kh404 last\">\n        <span  class=\"builder_row_cover tf_abs\" data-lazy=\"1\"><\/span>            <!-- module text -->\n<div  class=\"module module-text tb_o4gw404   \" data-lazy=\"1\">\n        <div  class=\"tb_text_wrap\">\n        <h2>other partners<\/h2><p><strong>+<\/strong> coaching,<br \/><strong>+<\/strong> outplacement,<br \/><strong>+<\/strong> accounting expertise,<br \/><strong>+<\/strong> communication \/ visual identity \/ social media management<br \/><strong>+<\/strong> HR communication and employer brand<\/p>    <\/div>\n<\/div>\n<!-- \/module text -->        <\/div>\n                        <\/div>\n        <\/div>\n                        <div  data-css_id=\"2gw9930\" data-lazy=\"1\" class=\"module_row themify_builder_row fullwidth tb_2gw9930 tf_w\">\n                        <div class=\"row_inner col_align_middle tb_col_count_6 tf_box tf_rel\">\n                        <div  data-lazy=\"1\" class=\"module_column tb-column col6-1 tb_l2on930 first\">\n                            <\/div>\n                    <div  data-lazy=\"1\" class=\"module_column tb-column col6-1 tb_f7fs930\">\n                            <\/div>\n                    <div  data-lazy=\"1\" class=\"module_column tb-column col6-1 tb_dw1o930\">\n                    <!-- module image -->\n<div  class=\"module module-image tb_g7zl930 image-top   tf_mw\" data-lazy=\"1\">\n        <div class=\"image-wrap tf_rel tf_mw\">\n            <a href=\"https:\/\/fvd.fr\/\" rel=\"noopener\" target=\"_blank\">\n                   <img loading=\"lazy\" decoding=\"async\" src=\"https:\/\/patchwork.law\/wp-content\/uploads\/2026\/01\/Logo-Partenaire-officiel-depuis-2004_sans-fond-1024x1024-200x200.png\" width=\"200\" height=\"200\" class=\"wp-post-image wp-image-11995\" title=\"Logo Partenaire officiel depuis 2004_sans fond\" alt=\"FVD - F\u00e9d\u00e9ration fran\u00e7aise de la vente directe\" srcset=\"https:\/\/patchwork.law\/wp-content\/uploads\/2026\/01\/Logo-Partenaire-officiel-depuis-2004_sans-fond-1024x1024-200x200.png 200w, https:\/\/patchwork.law\/wp-content\/uploads\/2026\/01\/Logo-Partenaire-officiel-depuis-2004_sans-fond-300x300.png 300w, https:\/\/patchwork.law\/wp-content\/uploads\/2026\/01\/Logo-Partenaire-officiel-depuis-2004_sans-fond-scaled.png 1024w, https:\/\/patchwork.law\/wp-content\/uploads\/2026\/01\/Logo-Partenaire-officiel-depuis-2004_sans-fond-150x150.png 150w, https:\/\/patchwork.law\/wp-content\/uploads\/2026\/01\/Logo-Partenaire-officiel-depuis-2004_sans-fond-768x768.png 768w\" sizes=\"auto, (max-width: 200px) 100vw, 200px\" \/>        <\/a>\n    \n        <\/div>\n    <!-- \/image-wrap -->\n    \n        <\/div>\n<!-- \/module image -->        <\/div>\n                    <div  data-lazy=\"1\" class=\"module_column tb-column col6-1 tb_no0i930\">\n                    <!-- module image -->\n<div  class=\"module module-image tb_bo6e930 image-center   tf_mw\" data-lazy=\"1\">\n        <div class=\"image-wrap tf_rel tf_mw\">\n            <a href=\"http:\/\/www.seldia.eu\/\" rel=\"noopener\" target=\"_blank\">\n                   <img loading=\"lazy\" decoding=\"async\" src=\"https:\/\/dev.patchwork.law\/wp-content\/uploads\/2018\/04\/Seldia_Logo_hoch.jpg\" width=\"200\" height=\"246\" title=\"Partners\" alt=\"Partners\">        <\/a>\n    \n        <\/div>\n    <!-- \/image-wrap -->\n    \n        <\/div>\n<!-- \/module image -->        <\/div>\n                    <div  data-lazy=\"1\" class=\"module_column tb-column col6-1 tb_k1d5930\">\n                            <\/div>\n                    <div  data-lazy=\"1\" class=\"module_column tb-column col6-1 tb_6cac930 last\">\n                            <\/div>\n                        <\/div>\n        <\/div>\n        <\/div>\n<!--\/themify_builder_content-->","protected":false},"excerpt":{"rendered":"<p>Our network lawyers + IP \/ IT \/ brands \/ personal data+ tax law+ foreigners rights \/ work authorization+ private life\/defamation other partners + coaching,+ outplacement,+ accounting expertise,+ communication \/ visual identity \/ social media management+ HR communication and employer brand<\/p>\n","protected":false},"author":6,"featured_media":0,"parent":0,"menu_order":0,"comment_status":"closed","ping_status":"closed","template":"","meta":{"footnotes":""},"class_list":["post-1918","page","type-page","status-publish","hentry","has-post-title","has-post-date","has-post-category","has-post-tag","has-post-comment","has-post-author",""],"_links":{"self":[{"href":"https:\/\/patchwork.law\/en\/wp-json\/wp\/v2\/pages\/1918","targetHints":{"allow":["GET"]}}],"collection":[{"href":"https:\/\/patchwork.law\/en\/wp-json\/wp\/v2\/pages"}],"about":[{"href":"https:\/\/patchwork.law\/en\/wp-json\/wp\/v2\/types\/page"}],"author":[{"embeddable":true,"href":"https:\/\/patchwork.law\/en\/wp-json\/wp\/v2\/users\/6"}],"replies":[{"embeddable":true,"href":"https:\/\/patchwork.law\/en\/wp-json\/wp\/v2\/comments?post=1918"}],"version-history":[{"count":0,"href":"https:\/\/patchwork.law\/en\/wp-json\/wp\/v2\/pages\/1918\/revisions"}],"wp:attachment":[{"href":"https:\/\/patchwork.law\/en\/wp-json\/wp\/v2\/media?parent=1918"}],"curies":[{"name":"wp","href":"https:\/\/api.w.org\/{rel}","templated":true}]}}